{"id":101,"date":"2024-03-25T11:29:08","date_gmt":"2024-03-25T10:29:08","guid":{"rendered":"https:\/\/paroisses-guidel.fr\/?page_id=101"},"modified":"2024-06-07T18:58:34","modified_gmt":"2024-06-07T16:58:34","slug":"adoration-eucharistique","status":"publish","type":"page","link":"https:\/\/paroisses-guidel.fr\/index.php\/adoration-eucharistique\/","title":{"rendered":"Adoration\u00a0eucharistique"},"content":{"rendered":"\n<p class=\"has-text-align-center has-primary-color has-text-color has-link-color has-large-font-size wp-elements-8a98fff2ea99b80ae16c706679eebdcc\" style=\"line-height:1.4\"><strong><em>\u00ab Qui regarde vers Lui resplendira,<\/em> <\/strong><br><strong><em>sans ombre ni trouble au visage \u00bb<\/em><\/strong><\/p>\n\n\n\n<p class=\"has-text-align-right has-primary-color has-text-color has-link-color has-normal-font-size wp-elements-e5c80d3adfe5b1a8313d038b7591939e\" style=\"line-height:0.4\">Ps 34 (33)<\/p>\n\n\n\n<p class=\"has-text-align-center has-foreground-color has-text-color has-link-color has-large-font-size wp-elements-1ff26858d2a1202165382ea42ddc3f19\"><strong>Chaque vendredi <\/strong><br><strong>de 17h \u00e0 18h<\/strong><br><strong>\u00e0 l\u2019\u00e9glise de Guidel<\/strong><\/p>\n\n\n<div class=\"wp-block-image is-style-rounded\">\n<figure class=\"aligncenter size-full is-resized\"><img loading=\"lazy\" decoding=\"async\" width=\"275\" height=\"183\" src=\"https:\/\/paroisses-guidel.fr\/wp-content\/uploads\/2024\/04\/image-5.png\" alt=\"\" class=\"wp-image-1031\" style=\"width:444px;height:auto\"\/><\/figure>\n<\/div>\n\n\n<p>Pour tout croyant, l\u2019attitude d\u2019adoration est fondamentale. Elle d\u00e9coule du premier commandement : <br>\u00ab Tu adoreras le Seigneur ton Dieu \u00bb.<\/p>\n\n\n\n<p>L\u2019adoration eucharistique, qu\u2019elle soit solennelle ou silencieuse, collective ou individuelle, est toujours relative \u00e0 la c\u00e9l\u00e9bration eucharistique au cours de laquelle le Christ s&rsquo;est rendu pr\u00e9sent sous l&rsquo;apparence du pain et du vin, devenus Corps et Sang vers\u00e9s pour la multitude en r\u00e9mission des p\u00e9ch\u00e9s.<\/p>\n\n\n\n<p>L\u2019hostie expos\u00e9e nous invite \u00e0 un double mouvement :<\/p>\n\n\n\n<ul class=\"wp-block-list\">\n<li style=\"line-height:1.1\">Rejoindre et adorer le Christ Ressuscit\u00e9, glorieux pr\u00e8s du P\u00e8re,<\/li>\n\n\n\n<li style=\"line-height:1.1\">Rejoindre l\u2019ensemble de l\u2019humanit\u00e9 pour laquelle le Christ s\u2019est offert.<\/li>\n<\/ul>\n\n\n\n<p>L\u2019adoration eucharistique ne doit pas nous faire oublier les autres formes de pr\u00e9sence du Christ :<\/p>\n\n\n\n<ul class=\"wp-block-list\">\n<li style=\"line-height:1.2\">Dans sa Parole \u00ab celui-ci est mon Fils bien-aim\u00e9, \u00e9coutez-le \u00bb ;<\/li>\n\n\n\n<li style=\"line-height:1.2\">Dans la vie quotidienne \u00ab quand deux ou trois sont r\u00e9unis en mon nom, je suis au milieu d\u2019eux \u00bb ;<\/li>\n\n\n\n<li style=\"line-height:1.2\">Au c\u0153ur de nos activit\u00e9s \u00ab ce que vous faites au plus petit d\u2019entre les miens, c\u2019est \u00e0 moi que vous le faites \u00bb.<\/li>\n<\/ul>\n\n\n<div class=\"wp-block-image is-style-rounded\">\n<figure class=\"aligncenter size-large is-resized\"><img loading=\"lazy\" decoding=\"async\" width=\"1024\" height=\"768\" src=\"https:\/\/paroisses-guidel.fr\/wp-content\/uploads\/2024\/06\/20240601_165205-1024x768.jpg\" alt=\"\" class=\"wp-image-1852\" style=\"width:465px;height:auto\" srcset=\"https:\/\/paroisses-guidel.fr\/wp-content\/uploads\/2024\/06\/20240601_165205-1024x768.jpg 1024w, https:\/\/paroisses-guidel.fr\/wp-content\/uploads\/2024\/06\/20240601_165205-300x225.jpg 300w, https:\/\/paroisses-guidel.fr\/wp-content\/uploads\/2024\/06\/20240601_165205-768x576.jpg 768w, https:\/\/paroisses-guidel.fr\/wp-content\/uploads\/2024\/06\/20240601_165205-1536x1152.jpg 1536w, https:\/\/paroisses-guidel.fr\/wp-content\/uploads\/2024\/06\/20240601_165205-2048x1536.jpg 2048w, https:\/\/paroisses-guidel.fr\/wp-content\/uploads\/2024\/06\/20240601_165205-1568x1176.jpg 1568w\" sizes=\"auto, (max-width: 1024px) 100vw, 1024px\" \/><\/figure>\n<\/div>","protected":false},"excerpt":{"rendered":"<p>\u00ab Qui regarde vers Lui resplendira, sans ombre ni trouble au visage \u00bb Ps 34 (33) Chaque vendredi de 17h \u00e0 18h\u00e0 l\u2019\u00e9glise de Guidel Pour tout croyant, l\u2019attitude d\u2019adoration est fondamentale. Elle d\u00e9coule du premier commandement : \u00ab Tu adoreras le Seigneur ton Dieu \u00bb. L\u2019adoration eucharistique, qu\u2019elle soit solennelle ou silencieuse, collective ou<a class=\"more-link\" href=\"https:\/\/paroisses-guidel.fr\/index.php\/adoration-eucharistique\/\">Lire la suite <span class=\"screen-reader-text\">\u00ab\u00a0Adoration\u00a0eucharistique\u00a0\u00bb<\/span><\/a><\/p>\n","protected":false},"author":1,"featured_media":0,"parent":0,"menu_order":0,"comment_status":"closed","ping_status":"closed","template":"","meta":{"iawp_total_views":88,"footnotes":""},"class_list":["post-101","page","type-page","status-publish","hentry","entry"],"_links":{"self":[{"href":"https:\/\/paroisses-guidel.fr\/index.php\/wp-json\/wp\/v2\/pages\/101","targetHints":{"allow":["GET"]}}],"collection":[{"href":"https:\/\/paroisses-guidel.fr\/index.php\/wp-json\/wp\/v2\/pages"}],"about":[{"href":"https:\/\/paroisses-guidel.fr\/index.php\/wp-json\/wp\/v2\/types\/page"}],"author":[{"embeddable":true,"href":"https:\/\/paroisses-guidel.fr\/index.php\/wp-json\/wp\/v2\/users\/1"}],"replies":[{"embeddable":true,"href":"https:\/\/paroisses-guidel.fr\/index.php\/wp-json\/wp\/v2\/comments?post=101"}],"version-history":[{"count":31,"href":"https:\/\/paroisses-guidel.fr\/index.php\/wp-json\/wp\/v2\/pages\/101\/revisions"}],"predecessor-version":[{"id":1884,"href":"https:\/\/paroisses-guidel.fr\/index.php\/wp-json\/wp\/v2\/pages\/101\/revisions\/1884"}],"wp:attachment":[{"href":"https:\/\/paroisses-guidel.fr\/index.php\/wp-json\/wp\/v2\/media?parent=101"}],"curies":[{"name":"wp","href":"https:\/\/api.w.org\/{rel}","templated":true}]}}