{"id":139,"date":"2024-03-25T11:43:55","date_gmt":"2024-03-25T10:43:55","guid":{"rendered":"https:\/\/paroisses-guidel.fr\/?page_id=139"},"modified":"2024-06-11T20:08:04","modified_gmt":"2024-06-11T18:08:04","slug":"1ere-eucharistie","status":"publish","type":"page","link":"https:\/\/paroisses-guidel.fr\/index.php\/1ere-eucharistie\/","title":{"rendered":"1\u00e8re Eucharistie"},"content":{"rendered":"\n<p class=\"has-text-align-center has-primary-color has-text-color has-link-color has-large-font-size wp-elements-056e68bedd5bd07d572a1d0552385b42\"><strong><em>\u00ab&nbsp;Ceci est mon Corps livr\u00e9 pour vous\u2026 Faites ceci en m\u00e9moire de moi&nbsp;\u00bb<\/em><\/strong><\/p>\n\n\n\n<p class=\"has-text-align-right has-primary-color has-text-color has-link-color has-normal-font-size wp-elements-dc10b2f87f1bff24922dee5223d5d07f\" style=\"line-height:0\">(Luc 22, 19)<\/p>\n\n\n<div class=\"wp-block-image is-style-rounded\">\n<figure class=\"aligncenter size-large is-resized\"><img loading=\"lazy\" decoding=\"async\" width=\"768\" height=\"1024\" src=\"https:\/\/paroisses-guidel.fr\/wp-content\/uploads\/2024\/05\/IMG-20240510-WA0004-768x1024.jpg\" alt=\"\" class=\"wp-image-1207\" style=\"width:380px;height:auto\" srcset=\"https:\/\/paroisses-guidel.fr\/wp-content\/uploads\/2024\/05\/IMG-20240510-WA0004-768x1024.jpg 768w, https:\/\/paroisses-guidel.fr\/wp-content\/uploads\/2024\/05\/IMG-20240510-WA0004-225x300.jpg 225w, https:\/\/paroisses-guidel.fr\/wp-content\/uploads\/2024\/05\/IMG-20240510-WA0004-1152x1536.jpg 1152w, https:\/\/paroisses-guidel.fr\/wp-content\/uploads\/2024\/05\/IMG-20240510-WA0004.jpg 1488w\" sizes=\"auto, (max-width: 768px) 100vw, 768px\" \/><\/figure>\n<\/div>\n\n\n<p>Dans l\u2019eucharistie, ce myst\u00e8re de l\u2019Amour inou\u00ef o\u00f9 Dieu se donne en nourriture, J\u00e9sus veut demeurer en nous et nous transformer en Lui&nbsp;! Comment ne pas se sentir d\u00e9pass\u00e9\u2026<\/p>\n\n\n\n<p>Adulte, vous souhaitez demander la premi\u00e8re communion pour vous-m\u00eame\u2026 Vous \u00eates attendu(e) dans le groupe des adultes qui pr\u00e9parent le bapt\u00eame, la confirmation ou l\u2019eucharistie <a href=\"https:\/\/paroisses-guidel.fr\/index.php\/catechumenat\/\" data-type=\"page\" data-id=\"105\" target=\"_blank\" rel=\"noreferrer noopener\">(groupe de cat\u00e9chum\u00e9nat)<\/a>. Prenez contact directement avec le P\u00e8re Arnauld, <a href=\"tel:06 79 61 59 46\" target=\"_blank\" rel=\"noreferrer noopener\">06 79 61 59 46<\/a><\/p>\n\n\n\n<figure class=\"wp-block-embed is-type-video is-provider-youtube wp-block-embed-youtube wp-embed-aspect-16-9 wp-has-aspect-ratio\"><div class=\"wp-block-embed__wrapper\">\n<iframe loading=\"lazy\" title=\"Les 7 Sacrements | L&#039;eucharistie\" width=\"750\" height=\"422\" src=\"https:\/\/www.youtube.com\/embed\/f4GLfHdnTsM?feature=oembed\" frameborder=\"0\" allow=\"accelerometer; autoplay; clipboard-write; encrypted-media; gyroscope; picture-in-picture; web-share\" referrerpolicy=\"strict-origin-when-cross-origin\" allowfullscreen><\/iframe>\n<\/div><\/figure>\n","protected":false},"excerpt":{"rendered":"<p>\u00ab&nbsp;Ceci est mon Corps livr\u00e9 pour vous\u2026 Faites ceci en m\u00e9moire de moi&nbsp;\u00bb (Luc 22, 19) Dans l\u2019eucharistie, ce myst\u00e8re de l\u2019Amour inou\u00ef o\u00f9 Dieu se donne en nourriture, J\u00e9sus veut demeurer en nous et nous transformer en Lui&nbsp;! Comment ne pas se sentir d\u00e9pass\u00e9\u2026 Adulte, vous souhaitez demander la premi\u00e8re communion pour vous-m\u00eame\u2026 Vous<a class=\"more-link\" href=\"https:\/\/paroisses-guidel.fr\/index.php\/1ere-eucharistie\/\">Lire la suite <span class=\"screen-reader-text\">\u00ab\u00a01\u00e8re Eucharistie\u00a0\u00bb<\/span><\/a><\/p>\n","protected":false},"author":1,"featured_media":0,"parent":0,"menu_order":0,"comment_status":"closed","ping_status":"closed","template":"","meta":{"iawp_total_views":106,"footnotes":""},"class_list":["post-139","page","type-page","status-publish","hentry","entry"],"_links":{"self":[{"href":"https:\/\/paroisses-guidel.fr\/index.php\/wp-json\/wp\/v2\/pages\/139","targetHints":{"allow":["GET"]}}],"collection":[{"href":"https:\/\/paroisses-guidel.fr\/index.php\/wp-json\/wp\/v2\/pages"}],"about":[{"href":"https:\/\/paroisses-guidel.fr\/index.php\/wp-json\/wp\/v2\/types\/page"}],"author":[{"embeddable":true,"href":"https:\/\/paroisses-guidel.fr\/index.php\/wp-json\/wp\/v2\/users\/1"}],"replies":[{"embeddable":true,"href":"https:\/\/paroisses-guidel.fr\/index.php\/wp-json\/wp\/v2\/comments?post=139"}],"version-history":[{"count":24,"href":"https:\/\/paroisses-guidel.fr\/index.php\/wp-json\/wp\/v2\/pages\/139\/revisions"}],"predecessor-version":[{"id":2090,"href":"https:\/\/paroisses-guidel.fr\/index.php\/wp-json\/wp\/v2\/pages\/139\/revisions\/2090"}],"wp:attachment":[{"href":"https:\/\/paroisses-guidel.fr\/index.php\/wp-json\/wp\/v2\/media?parent=139"}],"curies":[{"name":"wp","href":"https:\/\/api.w.org\/{rel}","templated":true}]}}