{"id":162,"date":"2024-03-25T11:57:12","date_gmt":"2024-03-25T10:57:12","guid":{"rendered":"https:\/\/paroisses-guidel.fr\/?page_id=162"},"modified":"2024-06-05T21:51:51","modified_gmt":"2024-06-05T19:51:51","slug":"servants-et-servantes","status":"publish","type":"page","link":"https:\/\/paroisses-guidel.fr\/index.php\/servants-et-servantes\/","title":{"rendered":"Servants et servantes"},"content":{"rendered":"\n<p><strong>Servants et servantes d\u2019autel<\/strong>, gar\u00e7ons et filles cat\u00e9chis\u00e9s, vous \u00eates appel\u00e9(e)s \u00e0 rejoindre le groupe&nbsp;! <\/p>\n\n\n<div class=\"wp-block-image is-style-rounded\">\n<figure class=\"aligncenter size-large is-resized\"><img loading=\"lazy\" decoding=\"async\" width=\"768\" height=\"1024\" src=\"https:\/\/paroisses-guidel.fr\/wp-content\/uploads\/2024\/06\/20240512_102614-768x1024.jpg\" alt=\"\" class=\"wp-image-1745\" style=\"width:409px;height:auto\" srcset=\"https:\/\/paroisses-guidel.fr\/wp-content\/uploads\/2024\/06\/20240512_102614-768x1024.jpg 768w, https:\/\/paroisses-guidel.fr\/wp-content\/uploads\/2024\/06\/20240512_102614-225x300.jpg 225w, https:\/\/paroisses-guidel.fr\/wp-content\/uploads\/2024\/06\/20240512_102614-1152x1536.jpg 1152w, https:\/\/paroisses-guidel.fr\/wp-content\/uploads\/2024\/06\/20240512_102614-1536x2048.jpg 1536w, https:\/\/paroisses-guidel.fr\/wp-content\/uploads\/2024\/06\/20240512_102614-1568x2091.jpg 1568w, https:\/\/paroisses-guidel.fr\/wp-content\/uploads\/2024\/06\/20240512_102614-scaled.jpg 1920w\" sizes=\"auto, (max-width: 768px) 100vw, 768px\" \/><\/figure>\n<\/div>\n\n\n<p>R\u00e9f\u00e9rent : Barnab\u00e9 Lamy <a href=\"tel:0651941090\">06 51 94 10 90<\/a><br>mail : <a href=\"mailto:barnabelamy@gmail.com\" target=\"_blank\" rel=\"noreferrer noopener\">barnabelamy@gmail.com<\/a><\/p>\n","protected":false},"excerpt":{"rendered":"<p>Servants et servantes d\u2019autel, gar\u00e7ons et filles cat\u00e9chis\u00e9s, vous \u00eates appel\u00e9(e)s \u00e0 rejoindre le groupe&nbsp;! R\u00e9f\u00e9rent : Barnab\u00e9 Lamy 06 51 94 10 90mail : barnabelamy@gmail.com<\/p>\n","protected":false},"author":1,"featured_media":0,"parent":0,"menu_order":0,"comment_status":"closed","ping_status":"closed","template":"","meta":{"iawp_total_views":93,"footnotes":""},"class_list":["post-162","page","type-page","status-publish","hentry","entry"],"_links":{"self":[{"href":"https:\/\/paroisses-guidel.fr\/index.php\/wp-json\/wp\/v2\/pages\/162","targetHints":{"allow":["GET"]}}],"collection":[{"href":"https:\/\/paroisses-guidel.fr\/index.php\/wp-json\/wp\/v2\/pages"}],"about":[{"href":"https:\/\/paroisses-guidel.fr\/index.php\/wp-json\/wp\/v2\/types\/page"}],"author":[{"embeddable":true,"href":"https:\/\/paroisses-guidel.fr\/index.php\/wp-json\/wp\/v2\/users\/1"}],"replies":[{"embeddable":true,"href":"https:\/\/paroisses-guidel.fr\/index.php\/wp-json\/wp\/v2\/comments?post=162"}],"version-history":[{"count":5,"href":"https:\/\/paroisses-guidel.fr\/index.php\/wp-json\/wp\/v2\/pages\/162\/revisions"}],"predecessor-version":[{"id":1757,"href":"https:\/\/paroisses-guidel.fr\/index.php\/wp-json\/wp\/v2\/pages\/162\/revisions\/1757"}],"wp:attachment":[{"href":"https:\/\/paroisses-guidel.fr\/index.php\/wp-json\/wp\/v2\/media?parent=162"}],"curies":[{"name":"wp","href":"https:\/\/api.w.org\/{rel}","templated":true}]}}