{"id":30,"date":"2024-03-25T10:17:14","date_gmt":"2024-03-25T09:17:14","guid":{"rendered":"http:\/\/paroisses-guidel.fr\/?page_id=30"},"modified":"2024-06-07T23:18:04","modified_gmt":"2024-06-07T21:18:04","slug":"eglise-guidel","status":"publish","type":"page","link":"https:\/\/paroisses-guidel.fr\/index.php\/eglise-guidel\/","title":{"rendered":"\u00c9glise de Guidel"},"content":{"rendered":"\n<figure class=\"wp-block-image size-large\"><img loading=\"lazy\" decoding=\"async\" width=\"1024\" height=\"768\" src=\"https:\/\/paroisses-guidel.fr\/wp-content\/uploads\/2024\/04\/Eglise-Guidel-1024x768.jpg\" alt=\"\" class=\"wp-image-953\" srcset=\"https:\/\/paroisses-guidel.fr\/wp-content\/uploads\/2024\/04\/Eglise-Guidel-1024x768.jpg 1024w, https:\/\/paroisses-guidel.fr\/wp-content\/uploads\/2024\/04\/Eglise-Guidel-300x225.jpg 300w, https:\/\/paroisses-guidel.fr\/wp-content\/uploads\/2024\/04\/Eglise-Guidel-768x576.jpg 768w, https:\/\/paroisses-guidel.fr\/wp-content\/uploads\/2024\/04\/Eglise-Guidel-1536x1152.jpg 1536w, https:\/\/paroisses-guidel.fr\/wp-content\/uploads\/2024\/04\/Eglise-Guidel-1568x1176.jpg 1568w, https:\/\/paroisses-guidel.fr\/wp-content\/uploads\/2024\/04\/Eglise-Guidel.jpg 2048w\" sizes=\"auto, (max-width: 1024px) 100vw, 1024px\" \/><\/figure>\n\n\n\n<p class=\"has-primary-color has-text-color has-link-color has-large-font-size wp-elements-013566e672554890a3a11eeea78d5beb\"><strong>Une paroisse ancr\u00e9e dans l&rsquo;Histoire<\/strong><\/p>\n\n\n\n<p>Guidel est une paroisse \u00ab&nbsp;primitive&nbsp;\u00bb dont les origines remontent probablement au d\u00e9but de l\u2019immigration bretonne, aux 5\u00e8me et 6\u00e8me si\u00e8cles, et plus pr\u00e9cis\u00e9ment \u00e0 l\u2019implantation des moines et d\u2019une colonie en provenance d\u2019Irlande. Au 10\u00e8me si\u00e8cle, elle devint le centre religieux de la grande seigneurie de K\u00e9menet-H\u00e9bo\u00e9 (ou des bois) et, au 13\u00e8me, le si\u00e8ge de son doyenn\u00e9 qui rassemblait 23 paroisses.<\/p>\n\n\n\n<p>En 1387, au synode de la Saint-Luc, Guidel est cit\u00e9e de fa\u00e7on peu banale : en effet, toutes les paroisses devaient payer au chapitre de la cath\u00e9drale de Vannes des droits censaux et questaux \u00ab&nbsp;comme un hommage des \u00e9glises secondaires \u00e0 l\u2019\u00e9glise m\u00e8re&nbsp;\u00bb. Cette redevance, en argent ou en nature, intervenait une fois l\u2019an, au synode de la Pentec\u00f4te. Or, certains recteurs \u00ab&nbsp;oubliaient&nbsp;\u00bb de payer ces contributions. C\u2019est pourquoi le chapitre d\u00e9cida d\u2019en r\u00e9clamer le r\u00e8glement juridiquement, c\u2019est-\u00e0-dire par l\u2019interm\u00e9diaire de l\u2019official, sous peine d\u2019excommunication en cas de non-ex\u00e9cution.<\/p>\n\n\n\n<p>La liste compl\u00e8te des paroisses de Vannes est alors dress\u00e9e et Guidel appara\u00eet pour la somme de 35 sous. (A titre de comparaison, la perr\u00e9e de grains valait alors 5 sous). Avec Pluvigner et Grand-Champ, Guidel \u00e9tait la paroisse la plus tax\u00e9e, ce qui montre bien son importance. En 1502, Guidel est \u00e0 nouveau cit\u00e9e pour devoir verser une rente de 70 livres \u00ab&nbsp;de bonne et forte monnaie de Bretagne&nbsp;\u00bb pour la cr\u00e9ation d\u2019une archipr\u00eatrise en la cath\u00e9drale de Vannes. L\u2019archipr\u00eatre \u00e9tait le pr\u00e9sident du \u00ab&nbsp;bas ch\u0153ur&nbsp;\u00bb. Il entonnait les offices et chantait les messes du jour et des d\u00e9funts. Le paiement de ce droit par la paroisse a subsist\u00e9 jusqu\u2019\u00e0 la R\u00e9volution. L\u2019\u00e9v\u00eaque de Vannes \u00e9tait alors Monseigneur Laurent Cibo, cardinal de B\u00e9n\u00e9vent, neveu du pape Alexandre VI, nomm\u00e9 contre le bon vouloir d\u2019Anne de Bretagne. Il ne vint jamais \u00e0 Vannes et d\u00e9l\u00e9gua ses pouvoirs \u00e0 Jean de Gallice, vicaire g\u00e9n\u00e9ral.<\/p>\n\n\n\n<p>Nous ne pouvons suivre la paroisse au fil du temps. Mais certaines anecdotes la relient \u00e0 l\u2019Histoire. Ainsi, en 1746, alors que la guerre opposait la France aux Anglo-Hollandais, les Anglais d\u00e9barqu\u00e8rent en Bretagne, le 1<sup>er<\/sup> octobre. Ce n\u2019\u00e9tait, du reste, qu\u2019une diversion car, le 10 octobre,&nbsp; ils repartaient apr\u00e8s toutefois avoir d\u00e9truit les installations du port de Lorient. A Guidel, le brigadier g\u00e9n\u00e9ral O\u2019Farrell s\u2019installa avec ses officiers au presbyt\u00e8re qui fut, en pleine nuit, investi par une troupe de six cent paysans arm\u00e9s de fourches et de faux. Les Anglais se r\u00e9fugi\u00e8rent dans l\u2019\u00e9glise, y entra\u00eenant le recteur Pierre Bou\u00e9zo du Rongouet, sans savoir qu\u2019ils sauvaient ainsi l\u2019\u00e9difice. En effet, les paysans avaient d\u00e9cid\u00e9 de l\u2019incendier mais y renonc\u00e8rent en apprenant l\u2019identit\u00e9 de l\u2019otage.<\/p>\n\n\n\n<p>A la R\u00e9volution nous trouvons, comme partout ailleurs, des pr\u00eatres guillotin\u00e9s, assassin\u00e9s, emprisonn\u00e9s , des pr\u00eatres cach\u00e9s ou \u00e9migr\u00e9s et des pr\u00eatres constitutionnels. Mais le cas le plus tragique fut celui de Laurent Le Floch, n\u00e9 \u00e0 Guidel en 1762. Par timidit\u00e9 ou na\u00efvet\u00e9, il pr\u00eata serment et entra dans l\u2019Eglise constitutionnelle. Il y restera deux ans et quatre mois mais, rong\u00e9 de remords, il refusera le serment de Libert\u00e9-Egalit\u00e9 d\u2019avril 1793. Se cacha-t-il&nbsp;? Emigra-t-il &nbsp;? l\u2019histoire ne le dit pas, mais l\u2019on sait qu\u2019il d\u00e9posa \u00e0 la municipalit\u00e9 de sa paroisse une r\u00e9tractation officielle en 1795. Puis il se pr\u00e9senta \u00e0 un poste de soldats \u00e9tabli \u00e0 Guidel en expliquant \u00ab Je suis un pr\u00eatre r\u00e9fractaire, arr\u00eatez-moi. Je demande \u00e0 \u00eatre conduit \u00e0 la prison o\u00f9 se trouvent les pr\u00eatres inserment\u00e9s.&nbsp;\u00bb Il est condamn\u00e9 \u00e0 mort comme rebelle aux lois. Sur le chemin de l\u2019\u00e9chafaud, le 22 mars 1796, il essaie de s\u2019enfuir mais, rattrap\u00e9 \u00e0 l\u2019entr\u00e9e de la rue de la Boucherie (&nbsp;!), il est transperc\u00e9 de coups de ba\u00efonnette. On dut le tra\u00eener pour lui appliquer la sentence de la guillotine.<\/p>\n\n\n\n<p class=\"has-primary-color has-text-color has-link-color has-large-font-size wp-elements-1595d7dc0f00d0231a230de50c476e9d\"><strong>Une \u00e9glise \u00e0 l&rsquo;histoire mouvement\u00e9e<\/strong><\/p>\n\n\n\n<p>L\u2019ancienne \u00e9glise devait \u00eatre de plusieurs \u00e9poques dont il existe peu de documents. D\u00e9grad\u00e9e pendant la R\u00e9volution, elle fut sommairement restaur\u00e9e en 1812 puis totalement reconstruite \u00e0 partir de 1838 avec un agrandissement du ch\u0153ur en 1880 et la cr\u00e9ation de deux chapelles et de deux sacristies (de chaque c\u00f4t\u00e9 du ch\u0153ur) et du d\u00e9ambulatoire. Son clocher culminait alors \u00e0 56 m\u00e8tres de haut.<\/p>\n\n\n\n<div class=\"wp-block-columns is-layout-flex wp-container-core-columns-is-layout-28f84493 wp-block-columns-is-layout-flex\">\n<div class=\"wp-block-column is-layout-flow wp-block-column-is-layout-flow\" style=\"flex-basis:100%\">\n<figure class=\"wp-block-image size-large\"><img loading=\"lazy\" decoding=\"async\" width=\"1024\" height=\"644\" src=\"https:\/\/paroisses-guidel.fr\/wp-content\/uploads\/2024\/04\/place-marche-1024x644.jpeg\" alt=\"\" class=\"wp-image-1085\" srcset=\"https:\/\/paroisses-guidel.fr\/wp-content\/uploads\/2024\/04\/place-marche-1024x644.jpeg 1024w, https:\/\/paroisses-guidel.fr\/wp-content\/uploads\/2024\/04\/place-marche-300x189.jpeg 300w, https:\/\/paroisses-guidel.fr\/wp-content\/uploads\/2024\/04\/place-marche-768x483.jpeg 768w, https:\/\/paroisses-guidel.fr\/wp-content\/uploads\/2024\/04\/place-marche-1536x965.jpeg 1536w, https:\/\/paroisses-guidel.fr\/wp-content\/uploads\/2024\/04\/place-marche-2048x1287.jpeg 2048w, https:\/\/paroisses-guidel.fr\/wp-content\/uploads\/2024\/04\/place-marche-1568x985.jpeg 1568w\" sizes=\"auto, (max-width: 1024px) 100vw, 1024px\" \/><\/figure>\n<\/div>\n<\/div>\n\n\n\n<p>Durant la Seconde Guerre mondiale, les Allemands utilisent ses galeries comme poste d\u2019observation. En f\u00e9vrier 1945, l\u2019\u00e9glise n\u2019a pu r\u00e9sister \u00e0 la conjugaison des mines allemandes (plac\u00e9es dans le clocher) et des obus am\u00e9ricains. Le b\u00e2timent \u00e9tait inutilisable. La chute du clocher avait \u00e9cras\u00e9 le tiers de la toiture et des murs ; la tribune et les quatre cloches gisaient sous les d\u00e9combres. Presque tout le mobilier fut endommag\u00e9. De d\u00e9cembre 1945 \u00e0 juin 1946, deux prisonniers allemands restaur\u00e8rent l\u2019orgue.<\/p>\n\n\n\n<div class=\"wp-block-columns is-layout-flex wp-container-core-columns-is-layout-28f84493 wp-block-columns-is-layout-flex\">\n<div class=\"wp-block-column is-layout-flow wp-block-column-is-layout-flow\" style=\"flex-basis:50%\">\n<figure class=\"wp-block-image size-large\"><img loading=\"lazy\" decoding=\"async\" width=\"1024\" height=\"686\" src=\"https:\/\/paroisses-guidel.fr\/wp-content\/uploads\/2024\/04\/eglise-detruite-mai-1945-1024x686.jpeg\" alt=\"\" class=\"wp-image-1084\" srcset=\"https:\/\/paroisses-guidel.fr\/wp-content\/uploads\/2024\/04\/eglise-detruite-mai-1945-1024x686.jpeg 1024w, https:\/\/paroisses-guidel.fr\/wp-content\/uploads\/2024\/04\/eglise-detruite-mai-1945-300x201.jpeg 300w, https:\/\/paroisses-guidel.fr\/wp-content\/uploads\/2024\/04\/eglise-detruite-mai-1945-768x515.jpeg 768w, https:\/\/paroisses-guidel.fr\/wp-content\/uploads\/2024\/04\/eglise-detruite-mai-1945-1536x1029.jpeg 1536w, https:\/\/paroisses-guidel.fr\/wp-content\/uploads\/2024\/04\/eglise-detruite-mai-1945-2048x1373.jpeg 2048w, https:\/\/paroisses-guidel.fr\/wp-content\/uploads\/2024\/04\/eglise-detruite-mai-1945-1568x1051.jpeg 1568w\" sizes=\"auto, (max-width: 1024px) 100vw, 1024px\" \/><\/figure>\n<\/div>\n\n\n\n<div class=\"wp-block-column is-layout-flow wp-block-column-is-layout-flow\" style=\"flex-basis:50%\">\n<figure class=\"wp-block-image size-large is-resized\"><img decoding=\"async\" src=\"https:\/\/paroisses-guidel.fr\/wp-content\/uploads\/2024\/04\/eglise-place-de-polignac-1945a-1-1024x737.jpeg\" alt=\"\" class=\"wp-image-1088\" style=\"width:356px;height:auto\"\/><\/figure>\n<\/div>\n<\/div>\n\n\n\n<p>Dans la nuit du 16 au 17 octobre 1948, l\u2019\u00e9glise, \u00e0 peine restaur\u00e9e, fut victime d\u2019un violent incendie d\u00fb \u00e0 un court-circuit. Malgr\u00e9 l\u2019intervention des pompiers de Guidel et de Lorient, les d\u00e9g\u00e2ts sont importants. En moins de deux heures, le toit br\u00fbla enti\u00e8rement ainsi que pratiquement tout le mobilier\u00a0; orgue et boiseries \u00e9pargn\u00e9es en 1945 n\u2019y r\u00e9sist\u00e8rent pas. Ce n\u2019est que le 24 mars 1951 que la r\u00e9ouverture de l\u2019\u00e9glise au culte a enfin lieu. Le 15 septembre 1960, apr\u00e8s des lenteurs et des interruptions importantes, l\u2019ensemble des travaux de l\u2019\u00e9glise et du clocher qui culmine \u00e0 48 m\u00e8tres est termin\u00e9. Malgr\u00e9 le souhait exprim\u00e9 par la commission dioc\u00e9saine, la fl\u00e8che est \u00e9difi\u00e9e en ciment en raison de l\u2019insuffisance des ressources allou\u00e9es par l\u2019\u00e9tat, la cr\u00e9ance pour dommages de guerre \u00e9tant largement d\u00e9pass\u00e9e. <\/p>\n\n\n\n<p>C\u2019est en 1995 que l\u2019actuelle porte nord est perc\u00e9e. On y entre par les anciens fonts-baptismaux. Aujourd\u2019hui, la commune, propri\u00e9taire l\u00e9gal du b\u00e2timent, a le souci de l\u2019entretenir. En 2009, son ch\u0153ur a \u00e9t\u00e9 embelli d\u2019un nouvel autel en bois de sycomore et d\u2019un parquet neuf. Datant de l\u2019apr\u00e8s-guerre, trois des quatre cloches ont \u00e9t\u00e9 restaur\u00e9es. Jeanne-Jos\u00e9phine, Gabrielle-Fran\u00e7oise et Jeanne-Fran\u00e7oise ont le 22 octobre 2018 retrouv\u00e9 leur place dans le clocher de l\u2019\u00e9glise.<\/p>\n\n\n\n<p><\/p>\n","protected":false},"excerpt":{"rendered":"<p>Une paroisse ancr\u00e9e dans l&rsquo;Histoire Guidel est une paroisse \u00ab&nbsp;primitive&nbsp;\u00bb dont les origines remontent probablement au d\u00e9but de l\u2019immigration bretonne, aux 5\u00e8me et 6\u00e8me si\u00e8cles, et plus pr\u00e9cis\u00e9ment \u00e0 l\u2019implantation des moines et d\u2019une colonie en provenance d\u2019Irlande. Au 10\u00e8me si\u00e8cle, elle devint le centre religieux de la grande seigneurie de K\u00e9menet-H\u00e9bo\u00e9 (ou des bois)<a class=\"more-link\" href=\"https:\/\/paroisses-guidel.fr\/index.php\/eglise-guidel\/\">Lire la suite <span class=\"screen-reader-text\">\u00ab\u00a0\u00c9glise de Guidel\u00a0\u00bb<\/span><\/a><\/p>\n","protected":false},"author":1,"featured_media":0,"parent":0,"menu_order":0,"comment_status":"closed","ping_status":"closed","template":"","meta":{"iawp_total_views":541,"footnotes":""},"class_list":["post-30","page","type-page","status-publish","hentry","entry"],"_links":{"self":[{"href":"https:\/\/paroisses-guidel.fr\/index.php\/wp-json\/wp\/v2\/pages\/30","targetHints":{"allow":["GET"]}}],"collection":[{"href":"https:\/\/paroisses-guidel.fr\/index.php\/wp-json\/wp\/v2\/pages"}],"about":[{"href":"https:\/\/paroisses-guidel.fr\/index.php\/wp-json\/wp\/v2\/types\/page"}],"author":[{"embeddable":true,"href":"https:\/\/paroisses-guidel.fr\/index.php\/wp-json\/wp\/v2\/users\/1"}],"replies":[{"embeddable":true,"href":"https:\/\/paroisses-guidel.fr\/index.php\/wp-json\/wp\/v2\/comments?post=30"}],"version-history":[{"count":9,"href":"https:\/\/paroisses-guidel.fr\/index.php\/wp-json\/wp\/v2\/pages\/30\/revisions"}],"predecessor-version":[{"id":1936,"href":"https:\/\/paroisses-guidel.fr\/index.php\/wp-json\/wp\/v2\/pages\/30\/revisions\/1936"}],"wp:attachment":[{"href":"https:\/\/paroisses-guidel.fr\/index.php\/wp-json\/wp\/v2\/media?parent=30"}],"curies":[{"name":"wp","href":"https:\/\/api.w.org\/{rel}","templated":true}]}}