{"id":56,"date":"2024-03-25T10:32:58","date_gmt":"2024-03-25T09:32:58","guid":{"rendered":"http:\/\/paroisses-guidel.fr\/?page_id=56"},"modified":"2024-06-10T16:51:45","modified_gmt":"2024-06-10T14:51:45","slug":"saint-michel","status":"publish","type":"page","link":"https:\/\/paroisses-guidel.fr\/index.php\/saint-michel\/","title":{"rendered":"Saint-Michel"},"content":{"rendered":"\n<figure class=\"wp-block-image size-large\"><img loading=\"lazy\" decoding=\"async\" width=\"1024\" height=\"768\" src=\"https:\/\/paroisses-guidel.fr\/wp-content\/uploads\/2024\/04\/Saint-Michel-1024x768.jpg\" alt=\"\" class=\"wp-image-923\" srcset=\"https:\/\/paroisses-guidel.fr\/wp-content\/uploads\/2024\/04\/Saint-Michel-1024x768.jpg 1024w, https:\/\/paroisses-guidel.fr\/wp-content\/uploads\/2024\/04\/Saint-Michel-300x225.jpg 300w, https:\/\/paroisses-guidel.fr\/wp-content\/uploads\/2024\/04\/Saint-Michel-768x576.jpg 768w, https:\/\/paroisses-guidel.fr\/wp-content\/uploads\/2024\/04\/Saint-Michel-1536x1152.jpg 1536w, https:\/\/paroisses-guidel.fr\/wp-content\/uploads\/2024\/04\/Saint-Michel-2048x1536.jpg 2048w, https:\/\/paroisses-guidel.fr\/wp-content\/uploads\/2024\/04\/Saint-Michel-1568x1176.jpg 1568w\" sizes=\"auto, (max-width: 1024px) 100vw, 1024px\" \/><\/figure>\n\n\n\n<p><a href=\"#Contact\">Vous pouvez contacter<\/a><br><\/p>\n\n\n\n<p class=\"has-secondary-color has-text-color has-link-color has-large-font-size wp-elements-2227d2966493c935da860e2e1f5f5ed8\"><strong>Un peu d\u2019histoire<\/strong><\/p>\n\n\n\n<p>Au 15<sup>\u00e8me<\/sup> si\u00e8cle, la treff (1) de Locmica\u00ebl comprenait six villages&nbsp;: Locmica\u00ebl, Brangolou, Poulanbriz, Kerancambre, Kerpasquic et Kerrenaut. Au 16<sup>\u00e8me<\/sup> si\u00e8cle, le moulin de Beneval compl\u00e8te la treff. Une carte du d\u00e9but du 20<sup>\u00e8me<\/sup> si\u00e8cle d\u00e9crit les contours de l\u2019actuel quartier Saint-Michel. On y recense les villages de Saint-Michel, moulin de Becarec, Kerhuleau, Kerhouat-Benoual, moulin de Benoual, Brangoulo, ch\u00e2teau de Kerbastic, Poulbriz, Kergoldec, Beg-En-Enez, moulin de Beg-En-Enez, Bilerit, Kerhuel, Kerlann, Kerdudal, N\u00e9n\u00e9gniau, Kerlec, K\u00e9roual, Kervignou, Bellamer, Poulesant et la Villeneuve-Piriou. Au fil des ann\u00e9es, l\u2019orthographe de certains villages a \u00e9volu\u00e9 sans pour autant changer leur identification. De nos jours en y ajoutant Kergam, Kernod et Kervardel, vingt-cinq villages composent le quartier Saint-Michel.<\/p>\n\n\n\n<p>(1) Une tr\u00eave (ou treff en breton) est en Bretagne une succursale de paroisse, subdivision rendue n\u00e9cessaire par l\u2019\u00e9loignement du lieu de culte paroissial. Ce terme religieux a, en toponymie, le sens de quartier.<\/p>\n\n\n\n<p class=\"has-secondary-color has-text-color has-link-color has-large-font-size wp-elements-e4d29819118731e0a02b13d7c8218291\"><strong>Un vieux ch\u00eane protecteur<\/strong><\/p>\n\n\n\n<figure class=\"wp-block-image size-large is-style-rounded\"><img loading=\"lazy\" decoding=\"async\" width=\"1024\" height=\"768\" src=\"https:\/\/paroisses-guidel.fr\/wp-content\/uploads\/2024\/04\/groupe-chene-1024x768.jpg\" alt=\"\" class=\"wp-image-1011\" srcset=\"https:\/\/paroisses-guidel.fr\/wp-content\/uploads\/2024\/04\/groupe-chene-1024x768.jpg 1024w, https:\/\/paroisses-guidel.fr\/wp-content\/uploads\/2024\/04\/groupe-chene-300x225.jpg 300w, https:\/\/paroisses-guidel.fr\/wp-content\/uploads\/2024\/04\/groupe-chene-768x576.jpg 768w, https:\/\/paroisses-guidel.fr\/wp-content\/uploads\/2024\/04\/groupe-chene-1536x1152.jpg 1536w, https:\/\/paroisses-guidel.fr\/wp-content\/uploads\/2024\/04\/groupe-chene-2048x1536.jpg 2048w, https:\/\/paroisses-guidel.fr\/wp-content\/uploads\/2024\/04\/groupe-chene-1568x1176.jpg 1568w\" sizes=\"auto, (max-width: 1024px) 100vw, 1024px\" \/><\/figure>\n\n\n\n<p>A l\u2019entr\u00e9e ouest de la chapelle, un ch\u00eane semble prot\u00e9ger l\u2019\u00e9difice religieux. Les 3,32 m\u00e8tres de sa circonf\u00e9rence datent sa plantation du d\u00e9but du 18<sup>\u00e8me<\/sup> si\u00e8cle. La circonf\u00e9rence d\u2019un ch\u00eane plac\u00e9 \u00e0 cet endroit augmente de 1,2 cm par an. Avec 3,32 m\u00e8tres de p\u00e9rim\u00e8tre, on peut \u00e9valuer \u00e0 au moins 276 ans l\u2019\u00e2ge de cet arbre. Durant trois si\u00e8cles, notre ch\u00eane a pu suivre les transformations de la chapelle et de ses environs. Il a surtout vu le d\u00e9vouement des gens du quartier pour que perdure le pardon de Saint-Michel. Alors que s\u2019est-il pass\u00e9 dans ce quartier durant cette longue p\u00e9riode&nbsp;?<\/p>\n\n\n\n<p class=\"has-secondary-color has-text-color has-link-color has-large-font-size wp-elements-a7297bcfc183f215aee52c8aef4bd3a9\"><strong>1774-1979 : deux si\u00e8cles, deux chapelles<\/strong><\/p>\n\n\n\n<p>Face \u00e0 notre arbre tricentenaire, sur une niche au-dessus du porche d\u2019entr\u00e9e, une date 1774 nous renseigne sur l\u2019origine de la premi\u00e8re chapelle. Le cadastre napol\u00e9onien confirme la pr\u00e9sence d\u2019un b\u00e2timent \u00e0 cet emplacement en 1818. Le clocher actuel date de cette \u00e9poque mais y-avait-il une cloche&nbsp;? Lors de la r\u00e9novation en 1982, un b\u00e9n\u00e9vole de l\u2019association, Jean-Yves Andr\u00e9, a soigneusement retranscrit les inscriptions \u00e9crites sur la cloche actuelle. \u00ab&nbsp;1812- Saint-Michel, Michel-Anne, Louise PLP Montagner, MAF Muller, Le Lesl\u00e9 recteur, J Toulliou tr\u00e9sorier, Margely F.A Lorient&nbsp;\u00bb.<\/p>\n\n\n\n<p>Yves Le Lesl\u00e9 \u00e9tait recteur de Guidel entre 1803 et 1814. La pr\u00e9sence de son nom sur la cloche confirme bien la date de 1812 inscrite sur la cloche. Les autres inscriptions pr\u00e9cisent le nom de la cloche, celui des parrain et marraine, du tr\u00e9sorier de la paroisse et du fondeur. Salomon Le Labousse succ\u00e8de \u00e0 Jean Jaffr\u00e9 comme recteur de Guidel en 1896. Le 24 avril 1897, il b\u00e9nit solennellement la premi\u00e8re pierre de la nouvelle chapelle reb\u00e2tie sur l\u2019emplacement de l\u2019ancienne, gr\u00e2ce \u00e0 la g\u00e9n\u00e9rosit\u00e9 de la famille de Polignac. Le 26 septembre 1897, l\u2019\u00e9v\u00eaque de Vannes, Monseigneur B\u00e9cel b\u00e9nit officiellement le nouvel \u00e9difice.<\/p>\n\n\n\n<p class=\"has-secondary-color has-text-color has-link-color has-large-font-size wp-elements-a55979b0044f60731ae7ef0c19d1da14\"><strong>Un quartier en souffrance pendant la seconde guerre mondiale<\/strong><\/p>\n\n\n\n<p>Le conflit mondial de 1939-1945 \u00e9pargne notre arbre mais le quartier de Saint-Michel est le th\u00e9\u00e2tre de plusieurs faits de guerre. Tout d\u2019abord, les habitants de Kerouat-Benoal verront les Allemands construire un pont sur la La\u00efta entre 1942 et 1943. L\u2019\u00e9difice sera partiellement d\u00e9truit d\u00e9but ao\u00fbt 1944. L\u2019origine de la destruction est encore un myst\u00e8re, notre ch\u00eane lui, doit savoir. Le 6 ao\u00fbt 1944, les Allemands se replient, forment une ligne partant de la La\u00efta passant par Kerulo et Saint-Michel (limites de la poche). Les Am\u00e9ricains sont au ch\u00e2teau de Bothan\u00e9. Il ne fait pas bon vivre dans les villages situ\u00e9s dans cette zone. Les Allemands \u00e9tablissent un point fortifi\u00e9 entre les villages de K\u00e9rulo et de Kerhouat-Benoal avec un point de vue superbe sur la La\u00efta. Ils peuvent ainsi dominer les positions fran\u00e7aises sur la rive finist\u00e9rienne. Une op\u00e9ration franco-am\u00e9ricaine se met en place pour d\u00e9truire ce bastion. Le jeudi 24 ao\u00fbt 1944 \u00e0 13 heures, c\u2019est le d\u00e9but de la bataille de K\u00e9rulo. Trois r\u00e9sistants sont tu\u00e9s. L\u2019arm\u00e9e allemande encercle les assaillants qui se replient sur Bothan\u00e9. La lib\u00e9ration de Guidel attendra. Brangoulo, proche village de Saint-Michel sera lui aussi impact\u00e9 par le conflit et perdra un de ses habitants. Le 23 f\u00e9vrier 1945, un obus endommage la sacristie et les verri\u00e8res de la chapelle. Notre ch\u00eane \u00e9chappe aux bombes allemandes et a certainement vu les habitants du quartier mettre les r\u00e9coltes de c\u00e9r\u00e9ales \u00e0 l\u2019abri des troupes allemandes.<\/p>\n\n\n\n<p class=\"has-secondary-color has-text-color has-link-color has-large-font-size wp-elements-b20b6203af46d946dddb0fa101b3c6ef\"><strong>1981 : cr\u00e9ation de l\u2019association <em>Les Amis de Saint-Michel<\/em><\/strong><\/p>\n\n\n\n<p>D\u00e8s 1979, sous l\u2019impulsion de Joseph Le Corre, les habitants du quartier, soucieux de pr\u00e9server leur chapelle, d\u00e9cident, le 24 janvier 1981, de cr\u00e9er une association Les Amis de Saint-Michel. L\u2019objectif principal de l\u2019association, d\u00e9clar\u00e9e en pr\u00e9fecture le 16 septembre 1981, est : entretenir la chapelle et cr\u00e9er des liens d\u2019amiti\u00e9 entre les habitants du quartier. Andr\u00e9 Tanguy sera le premier pr\u00e9sident. Fran\u00e7ois Aubertin lui succ\u00e8de en 1988. Depuis 1995, Monique Le Pennec pr\u00e9side l\u2019association.<\/p>\n\n\n\n<p class=\"has-secondary-color has-text-color has-link-color has-large-font-size wp-elements-64b52c4ac329a5ad0cfc4198c7696af6\"><strong>Le pardon du renouveau tr\u00e8s festif et sportif<\/strong><\/p>\n\n\n\n<p><strong>Le 28 septembre 1980<\/strong>, les alentours de Saint-Michel sont anim\u00e9s. Pour ce premier pardon du renouveau, les amis de Saint-Michel mettent en place un programme festif. Apr\u00e8s la messe du matin, un inter-quartier anime l\u2019apr\u00e8s-midi. Les quartiers de Saint-Michel, Locmaria, Saint Laurent et du Templo (Pont-Scorff) s\u2019affrontent amicalement au tir \u00e0 la corde, au lancer de bottes de paille et \u00e0 la course \u00e0 la brouette. La recette de la journ\u00e9e (400 francs) permet de d\u00e9buter la r\u00e9novation de la chapelle.<\/p>\n\n\n\n<p><strong>1981<\/strong>, la f\u00eate prend de l\u2019ampleur. L\u2019inter-quartier est toujours pr\u00e9sent. La nouveaut\u00e9 est la mise en place d\u2019un semi-marathon. Pour cette premi\u00e8re \u00e9dition, 120 participants s\u2019affrontent sur un parcours de 19.85 kilom\u00e8tres autour de Saint-Michel. Le soir, un bal public cl\u00f4t la journ\u00e9e. Cette ann\u00e9e 1981 est aussi celle des premiers grands travaux&nbsp;: peinture ext\u00e9rieure, nettoyage int\u00e9rieur et ext\u00e9rieur de la chapelle.<\/p>\n\n\n\n<p><strong>1982<\/strong>, la r\u00e9novation s\u2019acc\u00e9l\u00e8re. Le 3 avril 1982, la cloche est descendue. Joseph Lomenech refait le mouton et la cloche retrouve sa place le 24 avril 1982. Les b\u00e9n\u00e9voles nettoient les pierres apparentes. L\u2019enduit ext\u00e9rieur est enti\u00e8rement refait et les vitraux retrouvent leurs protections. Le 26 septembre, le pardon conna\u00eet \u00e0 nouveau le succ\u00e8s. Si l\u2019inter-quartier a disparu de l\u2019animation, le semi-marathon tient en haleine les nombreux spectateurs \u00e9chelonn\u00e9s sur le parcours. Cette ann\u00e9e 1982, pour la premi\u00e8re fois, les membres de l\u2019association proposent deux repas, un le midi et un autre en soir\u00e9e.<\/p>\n\n\n\n<p><strong>1983<\/strong>, la fontaine restaur\u00e9e est b\u00e9nie par le recteur, l\u2019abb\u00e9 Le Rouzo. Un l\u00e2cher de parachutistes ponctue l\u2019arriv\u00e9e du semi-marathon. Les ann\u00e9es suivantes, l\u2019association proposera une activit\u00e9 nouvelle pour animer l\u2019apr\u00e8s-midi.<\/p>\n\n\n\n<p><strong>1984<\/strong>, \u00e0 la foire aux animaux succ\u00e8dera la promenade \u00e0 dos de chameau, un bapt\u00eame en h\u00e9licopt\u00e8re, une d\u00e9monstration de chien de d\u00e9fense, une foire aux puces, un l\u00e2cher de pigeons et une exposition d\u2019automates. Durant toutes ces ann\u00e9es, le succ\u00e8s du pardon est croissant. 500 repas sont parfois servis entre le midi et le soir. Le nombre de participants au semi-marathon est proche des 400 et son organisation pose de nombreux probl\u00e8mes&nbsp;: certificats m\u00e9dicaux obligatoires, pr\u00e9sence des pompiers et de m\u00e9decins urgentistes.<\/p>\n\n\n\n<p><strong>2002<\/strong>, r\u00e9unis en assembl\u00e9e g\u00e9n\u00e9rale, les amis de Saint-Michel d\u00e9cident de modifier le programme du pardon du 29 septembre. C\u2019est la fin du semi-marathon ainsi que du repas et du bal en soir\u00e9e. La nouvelle animation propos\u00e9e est un Fest Deiz. Ces derni\u00e8res ann\u00e9es, le programme du pardon est rest\u00e9 inchang\u00e9&nbsp;: b\u00e9n\u00e9diction de la fontaine, messe \u00e0 10h30, repas et Fest Deiz pour les passionn\u00e9s de danses bretonnes.<\/p>\n\n\n\n<p id=\"Contact\">Contact : Marie-Th\u00e9r\u00e8se Beuzet<br>T\u00e9l : <a href=\"tel:0298719372\">02 98 71 93 72<\/a> &#8211; <a href=\"tel:0782048836\">07 82 04 88 36<\/a><br>Mail : <a href=\"mailto:patrick.beuzet@sfr.fr\" target=\"_blank\" rel=\"noreferrer noopener\">patrick.beuzet@sfr.fr<\/a><\/p>\n\n\n\n<center><iframe src=\"https:\/\/www.google.com\/maps\/embed?pb=!1m18!1m12!1m3!1d10718.530978374218!2d-3.5060510000000003!3d47.80795450000001!2m3!1f0!2f0!3f0!3m2!1i1024!2i768!4f13.1!3m3!1m2!1s0x4810f6b5e024ffa1%3A0x14fc28b04c1c8690!2sSaint-Michel%2C%2056520%20Guidel!5e0!3m2!1sfr!2sfr!4v1718031081311!5m2!1sfr!2sfr\" width=\"600\" height=\"450\" style=\"border:0;\" allowfullscreen=\"\" loading=\"lazy\" referrerpolicy=\"no-referrer-when-downgrade\"><\/iframe><\/center>\n\n\n\n<p>Coordonn\u00e9es GPS de la chapelle Saint Michel : 47.80853095091597, -3.505922253967753<\/p>\n","protected":false},"excerpt":{"rendered":"<p>Vous pouvez contacter Un peu d\u2019histoire Au 15\u00e8me si\u00e8cle, la treff (1) de Locmica\u00ebl comprenait six villages&nbsp;: Locmica\u00ebl, Brangolou, Poulanbriz, Kerancambre, Kerpasquic et Kerrenaut. Au 16\u00e8me si\u00e8cle, le moulin de Beneval compl\u00e8te la treff. Une carte du d\u00e9but du 20\u00e8me si\u00e8cle d\u00e9crit les contours de l\u2019actuel quartier Saint-Michel. On y recense les villages de Saint-Michel,<a class=\"more-link\" href=\"https:\/\/paroisses-guidel.fr\/index.php\/saint-michel\/\">Lire la suite <span class=\"screen-reader-text\">\u00ab\u00a0Saint-Michel\u00a0\u00bb<\/span><\/a><\/p>\n","protected":false},"author":1,"featured_media":0,"parent":0,"menu_order":0,"comment_status":"closed","ping_status":"closed","template":"","meta":{"iawp_total_views":76,"footnotes":""},"class_list":["post-56","page","type-page","status-publish","hentry","entry"],"_links":{"self":[{"href":"https:\/\/paroisses-guidel.fr\/index.php\/wp-json\/wp\/v2\/pages\/56","targetHints":{"allow":["GET"]}}],"collection":[{"href":"https:\/\/paroisses-guidel.fr\/index.php\/wp-json\/wp\/v2\/pages"}],"about":[{"href":"https:\/\/paroisses-guidel.fr\/index.php\/wp-json\/wp\/v2\/types\/page"}],"author":[{"embeddable":true,"href":"https:\/\/paroisses-guidel.fr\/index.php\/wp-json\/wp\/v2\/users\/1"}],"replies":[{"embeddable":true,"href":"https:\/\/paroisses-guidel.fr\/index.php\/wp-json\/wp\/v2\/comments?post=56"}],"version-history":[{"count":20,"href":"https:\/\/paroisses-guidel.fr\/index.php\/wp-json\/wp\/v2\/pages\/56\/revisions"}],"predecessor-version":[{"id":2029,"href":"https:\/\/paroisses-guidel.fr\/index.php\/wp-json\/wp\/v2\/pages\/56\/revisions\/2029"}],"wp:attachment":[{"href":"https:\/\/paroisses-guidel.fr\/index.php\/wp-json\/wp\/v2\/media?parent=56"}],"curies":[{"name":"wp","href":"https:\/\/api.w.org\/{rel}","templated":true}]}}