{"id":87,"date":"2024-03-25T11:15:41","date_gmt":"2024-03-25T10:15:41","guid":{"rendered":"https:\/\/paroisses-guidel.fr\/?page_id=87"},"modified":"2026-04-18T12:05:30","modified_gmt":"2026-04-18T10:05:30","slug":"accueil","status":"publish","type":"page","link":"https:\/\/paroisses-guidel.fr\/","title":{"rendered":"La paix soit avec vous ! L\u00e9on XIV"},"content":{"rendered":"\n\n\n\n<p class=\"has-text-align-center has-primary-color has-text-color has-link-color has-huge-font-size wp-elements-baf5cf077dc286e8d7420f8e06d59899\"><strong><em>Bienvenue !<\/em><\/strong><\/p>\n\n\n\n<div class=\"wp-block-buttons alignwide has-custom-font-size has-small-font-size is-content-justification-center is-layout-flex wp-container-core-buttons-is-layout-a89b3969 wp-block-buttons-is-layout-flex\">\n<div class=\"wp-block-button has-custom-width wp-block-button__width-50 is-style-fill\"><a class=\"wp-block-button__link has-secondary-background-color has-text-color has-background has-link-color has-normal-font-size has-custom-font-size wp-element-button\" href=\"https:\/\/paroisses-guidel.fr\/index.php\/catechese\/\" style=\"color:#ffffff\">Inscription KT 2025\/2026<\/a><\/div>\n<\/div>\n\n\n\n<div class=\"wp-block-buttons is-layout-flex wp-block-buttons-is-layout-flex\">\n<div class=\"wp-block-button has-custom-width wp-block-button__width-100\"><a class=\"wp-block-button__link has-large-font-size has-custom-font-size wp-element-button\" href=\"https:\/\/paroisses-guidel.fr\/index.php\/category\/actualites\/\">ACTUALITES<\/a><\/div>\n<\/div>\n\n\n\n<div class=\"wp-block-buttons is-content-justification-center is-layout-flex wp-container-core-buttons-is-layout-a89b3969 wp-block-buttons-is-layout-flex\">\n<div class=\"wp-block-button is-style-fill\"><a class=\"wp-block-button__link has-background wp-element-button\" href=\"https:\/\/paroisses-guidel.fr\/index.php\/galerie\/\" style=\"border-top-left-radius:36px;border-top-right-radius:36px;border-bottom-left-radius:36px;border-bottom-right-radius:36px;background:radial-gradient(rgb(255,105,0) 0%,rgb(207,46,46) 94%);padding-top:var(--wp--preset--spacing--30);padding-right:var(--wp--preset--spacing--20);padding-bottom:var(--wp--preset--spacing--30);padding-left:var(--wp--preset--spacing--20)\">Re visitez la Semaine Sainte dans nos paroisses &#8230;<\/a><\/div>\n<\/div>\n\n\n<ul class=\"wp-block-latest-posts__list is-grid columns-3 has-dates wp-block-latest-posts\"><li><div class=\"wp-block-latest-posts__featured-image aligncenter\"><a href=\"https:\/\/paroisses-guidel.fr\/index.php\/2026\/04\/13\/une-fraternite-paroissiale\/\" aria-label=\"Une fraternit\u00e9 paroissiale &#8230;\"><img loading=\"lazy\" decoding=\"async\" width=\"150\" height=\"150\" src=\"https:\/\/paroisses-guidel.fr\/wp-content\/uploads\/2026\/04\/image-3-150x150.png\" class=\"attachment-thumbnail size-thumbnail wp-post-image\" alt=\"\" style=\"\" \/><\/a><\/div><a class=\"wp-block-latest-posts__post-title\" href=\"https:\/\/paroisses-guidel.fr\/index.php\/2026\/04\/13\/une-fraternite-paroissiale\/\">Une fraternit\u00e9 paroissiale &#8230;<\/a><time datetime=\"2026-04-13T17:18:11+02:00\" class=\"wp-block-latest-posts__post-date\">13 avril 2026<\/time><div class=\"wp-block-latest-posts__post-excerpt\">Dans l\u2019\u00e9lan du projet missionnaire dioc\u00e9sain impuls\u00e9 en 2019, plus de 80 fraternit\u00e9s paroissiales missionnaires<a class=\"more-link\" href=\"https:\/\/paroisses-guidel.fr\/index.php\/2026\/04\/13\/une-fraternite-paroissiale\/\">Lire la suite <span class=\"screen-reader-text\">\u00ab\u00a0Une fraternit\u00e9 paroissiale &#8230;\u00a0\u00bb<\/span><\/a><\/div><\/li>\n<li><div class=\"wp-block-latest-posts__featured-image aligncenter\"><a href=\"https:\/\/paroisses-guidel.fr\/index.php\/2026\/04\/13\/chorales-du-pays-de-lorient\/\" aria-label=\"Chorales du pays de Lorient\"><img loading=\"lazy\" decoding=\"async\" width=\"150\" height=\"150\" src=\"https:\/\/paroisses-guidel.fr\/wp-content\/uploads\/2026\/04\/image-1-150x150.png\" class=\"attachment-thumbnail size-thumbnail wp-post-image\" alt=\"\" style=\"\" \/><\/a><\/div><a class=\"wp-block-latest-posts__post-title\" href=\"https:\/\/paroisses-guidel.fr\/index.php\/2026\/04\/13\/chorales-du-pays-de-lorient\/\">Chorales du pays de Lorient<\/a><time datetime=\"2026-04-13T17:17:56+02:00\" class=\"wp-block-latest-posts__post-date\">13 avril 2026<\/time><div class=\"wp-block-latest-posts__post-excerpt\">Samedi 2 mai \u00e0 14h00 le Choeur \u00ab\u00a0Les Vents de la Mer\u00a0\u00bb vous invite \u00e0<a class=\"more-link\" href=\"https:\/\/paroisses-guidel.fr\/index.php\/2026\/04\/13\/chorales-du-pays-de-lorient\/\">Lire la suite <span class=\"screen-reader-text\">\u00ab\u00a0Chorales du pays de Lorient\u00a0\u00bb<\/span><\/a><\/div><\/li>\n<li><div class=\"wp-block-latest-posts__featured-image aligncenter\"><a href=\"https:\/\/paroisses-guidel.fr\/index.php\/2026\/04\/13\/pelerinage-a-lourdes-2025\/\" aria-label=\"P\u00e8lerinage \u00e0 Lourdes 2026\"><img loading=\"lazy\" decoding=\"async\" width=\"150\" height=\"150\" src=\"https:\/\/paroisses-guidel.fr\/wp-content\/uploads\/2025\/01\/image-4-150x150.png\" class=\"attachment-thumbnail size-thumbnail wp-post-image\" alt=\"\" style=\"\" \/><\/a><\/div><a class=\"wp-block-latest-posts__post-title\" href=\"https:\/\/paroisses-guidel.fr\/index.php\/2026\/04\/13\/pelerinage-a-lourdes-2025\/\">P\u00e8lerinage \u00e0 Lourdes 2026<\/a><time datetime=\"2026-04-13T17:17:37+02:00\" class=\"wp-block-latest-posts__post-date\">13 avril 2026<\/time><div class=\"wp-block-latest-posts__post-excerpt\">Du lundi 25 au dimanche 31 mai 2026 Th\u00e8me : \u00ab&nbsp;B\u00e2tir ensemble le Royaume de<a class=\"more-link\" href=\"https:\/\/paroisses-guidel.fr\/index.php\/2026\/04\/13\/pelerinage-a-lourdes-2025\/\">Lire la suite <span class=\"screen-reader-text\">\u00ab\u00a0P\u00e8lerinage \u00e0 Lourdes 2026\u00a0\u00bb<\/span><\/a><\/div><\/li>\n<\/ul>\n\n\n<div class=\"wp-block-buttons is-content-justification-center is-layout-flex wp-container-core-buttons-is-layout-a89b3969 wp-block-buttons-is-layout-flex\">\n<div class=\"wp-block-button has-custom-width wp-block-button__width-100 is-style-fill\"><a class=\"wp-block-button__link has-large-font-size has-custom-font-size wp-element-button\" href=\"https:\/\/www.dropbox.com\/scl\/fi\/a4su01o7ld2hmiet433lu\/Site-Agenda.docx?rlkey=7642qgdmxt29pbbonyeassavg&amp;dl=0\" target=\"_blank\" rel=\"noreferrer noopener\">AGENDA<\/a><\/div>\n<\/div>\n\n\n\n<p><a href=\"https:\/\/www.dropbox.com\/scl\/fi\/a4su01o7ld2hmiet433lu\/Site-Agenda.docx?rlkey=7642qgdmxt29pbbonyeassavg&amp;dl=0\" target=\"_blank\" rel=\"noreferrer noopener\">Sur votre agenda pastoral &#8230;<\/a><\/p>\n\n\n\n<div class=\"wp-block-buttons is-layout-flex wp-block-buttons-is-layout-flex\">\n<div class=\"wp-block-button has-custom-width wp-block-button__width-100 is-style-fill\"><a class=\"wp-block-button__link has-large-font-size has-custom-font-size wp-element-button\" href=\"https:\/\/paroisses-guidel.fr\/index.php\/feuilles-info-hebdo\/\">FEUILLE INFOS HEBDO<\/a><\/div>\n<\/div>\n\n\n\n<p class=\"has-text-align-center\"><a href=\"https:\/\/paroisses-guidel.fr\/index.php\/feuilles-info-hebdo\/\">Consulter toutes les feuilles infos<\/a><\/p>\n\n\n\n<p><a href=\"https:\/\/www.dropbox.com\/scl\/fi\/rwgw2nenstzxmuqkwb3h3\/2026-04-19-Annonces-ECRITES-3-me-Dimanche-de-P-ques.docx?rlkey=7y16n0uhk81r6rhaeo81heej9&amp;dl=0\" target=\"_blank\" rel=\"noreferrer noopener\">3\u00e8me Dimanche de P\u00e2ques &#8211; 19\/04\/26<\/a><\/p>\n\n\n\n<div class=\"wp-block-buttons is-content-justification-center is-layout-flex wp-container-core-buttons-is-layout-a89b3969 wp-block-buttons-is-layout-flex\"><\/div>\n\n\n\n<div class=\"wp-block-buttons is-layout-flex wp-block-buttons-is-layout-flex\">\n<div class=\"wp-block-button has-custom-width wp-block-button__width-100\"><a class=\"wp-block-button__link has-large-font-size has-custom-font-size wp-element-button\" href=\"https:\/\/paroisses-guidel.fr\/index.php\/le-carillon\/\">LE CARILLON<\/a><\/div>\n<\/div>\n\n\n\n<p class=\"has-text-align-center\"><a href=\"https:\/\/paroisses-guidel.fr\/index.php\/le-carillon\/\">Consulter les num\u00e9ros pr\u00e9c\u00e9dents<\/a><\/p>\n\n\n\n<p><a href=\"https:\/\/www.dropbox.com\/scl\/fi\/3atsujifv6ecfpl0tpqhu\/CARILLON-2026-03.pdf?rlkey=iscuonfubja794fupnrl7vnc0&amp;dl=0\" target=\"_blank\" rel=\"noreferrer noopener\">LE CARILLON &#8211; Mars 2026<\/a><\/p>\n\n\n\n<div class=\"wp-block-buttons is-layout-flex wp-block-buttons-is-layout-flex\">\n<div class=\"wp-block-button has-custom-width wp-block-button__width-100\"><a class=\"wp-block-button__link has-large-font-size has-custom-font-size wp-element-button\" href=\"https:\/\/don.diocese-vannes.fr\/paroisses\/~mon-don?_cv=1\" target=\"_blank\" rel=\"noreferrer noopener\">FAIRE UN DON<\/a><\/div>\n<\/div>\n\n\n\n<p><\/p>\n","protected":false},"excerpt":{"rendered":"<p>Bienvenue ! Sur votre agenda pastoral &#8230; Consulter toutes les feuilles infos 3\u00e8me Dimanche de P\u00e2ques &#8211; 19\/04\/26 Consulter les num\u00e9ros pr\u00e9c\u00e9dents LE CARILLON &#8211; Mars 2026<\/p>\n","protected":false},"author":1,"featured_media":0,"parent":0,"menu_order":0,"comment_status":"closed","ping_status":"closed","template":"","meta":{"iawp_total_views":20847,"footnotes":""},"class_list":["post-87","page","type-page","status-publish","hentry","entry"],"_links":{"self":[{"href":"https:\/\/paroisses-guidel.fr\/index.php\/wp-json\/wp\/v2\/pages\/87","targetHints":{"allow":["GET"]}}],"collection":[{"href":"https:\/\/paroisses-guidel.fr\/index.php\/wp-json\/wp\/v2\/pages"}],"about":[{"href":"https:\/\/paroisses-guidel.fr\/index.php\/wp-json\/wp\/v2\/types\/page"}],"author":[{"embeddable":true,"href":"https:\/\/paroisses-guidel.fr\/index.php\/wp-json\/wp\/v2\/users\/1"}],"replies":[{"embeddable":true,"href":"https:\/\/paroisses-guidel.fr\/index.php\/wp-json\/wp\/v2\/comments?post=87"}],"version-history":[{"count":490,"href":"https:\/\/paroisses-guidel.fr\/index.php\/wp-json\/wp\/v2\/pages\/87\/revisions"}],"predecessor-version":[{"id":6321,"href":"https:\/\/paroisses-guidel.fr\/index.php\/wp-json\/wp\/v2\/pages\/87\/revisions\/6321"}],"wp:attachment":[{"href":"https:\/\/paroisses-guidel.fr\/index.php\/wp-json\/wp\/v2\/media?parent=87"}],"curies":[{"name":"wp","href":"https:\/\/api.w.org\/{rel}","templated":true}]}}